{"id":9931,"date":"2024-05-06T15:53:53","date_gmt":"2024-05-06T18:53:53","guid":{"rendered":"https:\/\/leonpharma.com\/?post_type=product&#038;p=9931"},"modified":"2024-06-19T09:44:14","modified_gmt":"2024-06-19T12:44:14","slug":"fortemax-complemento-con-selenio","status":"publish","type":"product","link":"https:\/\/leonpharma.com\/index.php\/producto\/fortemax-complemento-con-selenio\/","title":{"rendered":"Fortemax Complemento con Selenio"},"content":{"rendered":"<p class=\"ndfHFb-c4YZDc-fmcmS-DARUcf\">Calcio + F\u00f3sforo + Zinc + Selenio + Cobre + Cobalto + Vitamina B12 + Vitamina D3.<\/p>\n<p class=\"ndfHFb-c4YZDc-fmcmS-DARUcf\">Suplemento preventivo y terap\u00e9utico.<\/p>\n<p class=\"ndfHFb-c4YZDc-fmcmS-DARUcf\">Mineralizante vitam\u00ednico.<\/p>\n<p class=\"ndfHFb-c4YZDc-fmcmS-DARUcf\">Soluci\u00f3n inyectable.<\/p>\n<p class=\"ndfHFb-c4YZDc-fmcmS-DARUcf\">Bovinos adultos: 10 ml por animal.<\/p>\n<p class=\"ndfHFb-c4YZDc-fmcmS-DARUcf\">Terneros: 5 ml por animal.<\/p>\n<p class=\"ndfHFb-c4YZDc-fmcmS-DARUcf\">Aplicaci\u00f3n por v\u00eda subcut\u00e1nea.<\/p>\n<p class=\"ndfHFb-c4YZDc-fmcmS-DARUcf\">Presentaci\u00f3n: 50 ml, 250 ml y 500 ml.<\/p>\n","protected":false},"excerpt":{"rendered":"<p>Suplemento preventivo y terap\u00e9utico.<\/p>\n","protected":false},"featured_media":10125,"template":"","meta":[],"product_brand":[],"product_cat":[76],"product_tag":[],"class_list":{"0":"post-9931","1":"product","2":"type-product","3":"status-publish","4":"has-post-thumbnail","6":"product_cat-vitaminicos-y-mineralizantes","8":"first","9":"instock","10":"shipping-taxable","11":"product-type-simple"},"_links":{"self":[{"href":"https:\/\/leonpharma.com\/index.php\/wp-json\/wp\/v2\/product\/9931","targetHints":{"allow":["GET"]}}],"collection":[{"href":"https:\/\/leonpharma.com\/index.php\/wp-json\/wp\/v2\/product"}],"about":[{"href":"https:\/\/leonpharma.com\/index.php\/wp-json\/wp\/v2\/types\/product"}],"wp:featuredmedia":[{"embeddable":true,"href":"https:\/\/leonpharma.com\/index.php\/wp-json\/wp\/v2\/media\/10125"}],"wp:attachment":[{"href":"https:\/\/leonpharma.com\/index.php\/wp-json\/wp\/v2\/media?parent=9931"}],"wp:term":[{"taxonomy":"product_brand","embeddable":true,"href":"https:\/\/leonpharma.com\/index.php\/wp-json\/wp\/v2\/product_brand?post=9931"},{"taxonomy":"product_cat","embeddable":true,"href":"https:\/\/leonpharma.com\/index.php\/wp-json\/wp\/v2\/product_cat?post=9931"},{"taxonomy":"product_tag","embeddable":true,"href":"https:\/\/leonpharma.com\/index.php\/wp-json\/wp\/v2\/product_tag?post=9931"}],"curies":[{"name":"wp","href":"https:\/\/api.w.org\/{rel}","templated":true}]}}