{"id":9912,"date":"2024-05-06T11:42:43","date_gmt":"2024-05-06T14:42:43","guid":{"rendered":"https:\/\/leonpharma.com\/?post_type=product&#038;p=9912"},"modified":"2024-06-19T09:50:56","modified_gmt":"2024-06-19T12:50:56","slug":"cloxidina-jabon-liquido","status":"publish","type":"product","link":"https:\/\/leonpharma.com\/index.php\/producto\/cloxidina-jabon-liquido\/","title":{"rendered":"Cloxidina jab\u00f3n l\u00edquido"},"content":{"rendered":"<p class=\"ndfHFb-c4YZDc-fmcmS-DARUcf\">Soluci\u00f3n de Clorhexidina Digluconato (20%) 20%, Glicerina 7,5%.<\/p>\n<p class=\"ndfHFb-c4YZDc-fmcmS-DARUcf\">Antis\u00e9ptico y desinfectante.<\/p>\n<p class=\"ndfHFb-c4YZDc-fmcmS-DARUcf\">Jab\u00f3n l\u00edquido para uso externo.<\/p>\n<p class=\"ndfHFb-c4YZDc-fmcmS-DARUcf\">Antisepsia de la piel para antes y despu\u00e9s de cirug\u00edas, lavado rutinario y quir\u00fargico de manos.<\/p>\n<p class=\"ndfHFb-c4YZDc-fmcmS-DARUcf\">Desinfecci\u00f3n de superficies, equipos e instrumental m\u00e9dico quir\u00fargico.<\/p>\n<p class=\"ndfHFb-c4YZDc-fmcmS-DARUcf\">Presentaci\u00f3n: 500 ml y 5 lt.<\/p>\n","protected":false},"excerpt":{"rendered":"<p>Antis\u00e9ptico y desinfectante. Jab\u00f3n l\u00edquido para uso externo.<\/p>\n","protected":false},"featured_media":9913,"template":"","meta":[],"product_brand":[],"product_cat":[74],"product_tag":[],"class_list":{"0":"post-9912","1":"product","2":"type-product","3":"status-publish","4":"has-post-thumbnail","6":"product_cat-antisepticos","8":"first","9":"instock","10":"shipping-taxable","11":"product-type-simple"},"_links":{"self":[{"href":"https:\/\/leonpharma.com\/index.php\/wp-json\/wp\/v2\/product\/9912","targetHints":{"allow":["GET"]}}],"collection":[{"href":"https:\/\/leonpharma.com\/index.php\/wp-json\/wp\/v2\/product"}],"about":[{"href":"https:\/\/leonpharma.com\/index.php\/wp-json\/wp\/v2\/types\/product"}],"wp:featuredmedia":[{"embeddable":true,"href":"https:\/\/leonpharma.com\/index.php\/wp-json\/wp\/v2\/media\/9913"}],"wp:attachment":[{"href":"https:\/\/leonpharma.com\/index.php\/wp-json\/wp\/v2\/media?parent=9912"}],"wp:term":[{"taxonomy":"product_brand","embeddable":true,"href":"https:\/\/leonpharma.com\/index.php\/wp-json\/wp\/v2\/product_brand?post=9912"},{"taxonomy":"product_cat","embeddable":true,"href":"https:\/\/leonpharma.com\/index.php\/wp-json\/wp\/v2\/product_cat?post=9912"},{"taxonomy":"product_tag","embeddable":true,"href":"https:\/\/leonpharma.com\/index.php\/wp-json\/wp\/v2\/product_tag?post=9912"}],"curies":[{"name":"wp","href":"https:\/\/api.w.org\/{rel}","templated":true}]}}