{"id":9909,"date":"2024-05-06T11:35:42","date_gmt":"2024-05-06T14:35:42","guid":{"rendered":"https:\/\/leonpharma.com\/?post_type=product&#038;p=9909"},"modified":"2024-08-07T08:28:03","modified_gmt":"2024-08-07T11:28:03","slug":"domectina","status":"publish","type":"product","link":"https:\/\/leonpharma.com\/index.php\/producto\/domectina\/","title":{"rendered":"Domectina LP 1"},"content":{"rendered":"<p class=\"ndfHFb-c4YZDc-fmcmS-DARUcf\">Doramectina 1%.<\/p>\n<p class=\"ndfHFb-c4YZDc-fmcmS-DARUcf\">Antiparasitario interno y externo.<\/p>\n<p class=\"ndfHFb-c4YZDc-fmcmS-DARUcf\">Soluci\u00f3n inyectable. Bovinos: 1 ml cada 50 Kg.<\/p>\n<p class=\"ndfHFb-c4YZDc-fmcmS-DARUcf\">Administrar por v\u00eda subcut\u00e1nea, en la tabla del cuello o regi\u00f3n de la paleta.<\/p>\n<p class=\"ndfHFb-c4YZDc-fmcmS-DARUcf\">Presentaci\u00f3n: 50 ml y 500 ml.<\/p>\n","protected":false},"excerpt":{"rendered":"<p>Antiparasitario interno y externo. Soluci\u00f3n inyectable.<\/p>\n","protected":false},"featured_media":10220,"template":"","meta":[],"product_brand":[],"product_cat":[73],"product_tag":[],"class_list":{"0":"post-9909","1":"product","2":"type-product","3":"status-publish","4":"has-post-thumbnail","6":"product_cat-antiparasitarios","8":"first","9":"instock","10":"shipping-taxable","11":"product-type-simple"},"_links":{"self":[{"href":"https:\/\/leonpharma.com\/index.php\/wp-json\/wp\/v2\/product\/9909","targetHints":{"allow":["GET"]}}],"collection":[{"href":"https:\/\/leonpharma.com\/index.php\/wp-json\/wp\/v2\/product"}],"about":[{"href":"https:\/\/leonpharma.com\/index.php\/wp-json\/wp\/v2\/types\/product"}],"wp:featuredmedia":[{"embeddable":true,"href":"https:\/\/leonpharma.com\/index.php\/wp-json\/wp\/v2\/media\/10220"}],"wp:attachment":[{"href":"https:\/\/leonpharma.com\/index.php\/wp-json\/wp\/v2\/media?parent=9909"}],"wp:term":[{"taxonomy":"product_brand","embeddable":true,"href":"https:\/\/leonpharma.com\/index.php\/wp-json\/wp\/v2\/product_brand?post=9909"},{"taxonomy":"product_cat","embeddable":true,"href":"https:\/\/leonpharma.com\/index.php\/wp-json\/wp\/v2\/product_cat?post=9909"},{"taxonomy":"product_tag","embeddable":true,"href":"https:\/\/leonpharma.com\/index.php\/wp-json\/wp\/v2\/product_tag?post=9909"}],"curies":[{"name":"wp","href":"https:\/\/api.w.org\/{rel}","templated":true}]}}