{"id":9896,"date":"2024-04-30T13:43:14","date_gmt":"2024-04-30T13:43:14","guid":{"rendered":"https:\/\/leonpharma.com\/?post_type=product&#038;p=9896"},"modified":"2025-12-29T14:37:15","modified_gmt":"2025-12-29T17:37:15","slug":"defender-top-90","status":"publish","type":"product","link":"https:\/\/leonpharma.com\/index.php\/producto\/defender-top-90\/","title":{"rendered":"Defender Top 90 d\u00edas"},"content":{"rendered":"<p><span style=\"font-weight: 400;\">Antiparasitario Externo<\/span><\/p>\n<p><span style=\"font-weight: 400;\">Fluralaner 40%<\/span><\/p>\n<p><span style=\"font-weight: 400;\">Comprimidos masticables<\/span><\/p>\n<p><span style=\"font-weight: 400;\">Aprobaci\u00f3n oficial SENASA para control y prevenci\u00f3n de: <\/span><span style=\"font-weight: 400;\">Sarna demod\u00e9cica, <\/span><span style=\"font-weight: 400;\">Sarna otod\u00e9ctica, <\/span><span style=\"font-weight: 400;\">Sarna sarc\u00f3ptica, <\/span><span style=\"font-weight: 400;\">Garrapatas, <\/span><span style=\"font-weight: 400;\">Pulgas<\/span><\/p>\n<p><span style=\"font-weight: 400;\">Comprimido masticable apetecibles para el perro, garrapaticida y pulguicida. Eficaz como parte del tratamiento de la dermatitis al\u00e9rgica por picadura de pulgas. F\u00e1cil dosificaci\u00f3n (a partir de 2 kg y 8 semanas de edad). No se ve afectado por los ba\u00f1os del perro.<\/span><\/p>\n<p>&nbsp;<\/p>\n<ul>\n<li><span style=\"font-weight: 400;\"> Cachorros a partir de 8 semanas<\/span><\/li>\n<li><span style=\"font-weight: 400;\"> Reproductores<\/span><\/li>\n<li><span style=\"font-weight: 400;\"> Hembras gestantes<\/span><\/li>\n<li><span style=\"font-weight: 400;\"> Hembras en lactaci\u00f3n<\/span><\/li>\n<li><span style=\"font-weight: 400;\"> Perros raza Collie, Border Collie, Viejo Pastor Ingl\u00e9s<\/span><\/li>\n<\/ul>\n<p>&nbsp;<\/p>\n<p><strong>Presentaci\u00f3n \/ Dosis:<\/strong><\/p>\n<p><span style=\"font-weight: 400;\">2 a 4,4 Kg<\/span><\/p>\n<ul>\n<li><span style=\"font-weight: 400;\"> 1 Comprimido de 275 mg<\/span><\/li>\n<\/ul>\n<p>&nbsp;<\/p>\n<p><span style=\"font-weight: 400;\">4,5 a 10 Kg<\/span><\/p>\n<ul>\n<li><span style=\"font-weight: 400;\"> 1 Comprimido de 625 mg<\/span><\/li>\n<\/ul>\n<p>&nbsp;<\/p>\n<p><span style=\"font-weight: 400;\">10,1 a 20 Kg<\/span><\/p>\n<ul>\n<li><span style=\"font-weight: 400;\"> 1 Comprimido de 1250 mg<\/span><\/li>\n<\/ul>\n<p>&nbsp;<\/p>\n<p><span style=\"font-weight: 400;\">20,1 a 32 Kg<\/span><\/p>\n<ul>\n<li><span style=\"font-weight: 400;\"> 1 Comprimido de 2000 mg<\/span><\/li>\n<\/ul>\n<p>&nbsp;<\/p>\n<p><span style=\"font-weight: 400;\">32,1 a 64 Kg<\/span><\/p>\n<ul>\n<li><span style=\"font-weight: 400;\"> 2 Comprimidos de 2000 mg<\/span><\/li>\n<\/ul>\n<p><br style=\"font-weight: 400;\" \/><br style=\"font-weight: 400;\" \/><\/p>\n<p class=\"ndfHFb-c4YZDc-fmcmS-DARUcf\">\n","protected":false},"excerpt":{"rendered":"<p>Antiparasitario externo, pulguicida y garrapaticida de larga acci\u00f3n.<\/p>\n","protected":false},"featured_media":10277,"template":"","meta":[],"product_brand":[],"product_cat":[73],"product_tag":[],"class_list":{"0":"post-9896","1":"product","2":"type-product","3":"status-publish","4":"has-post-thumbnail","6":"product_cat-antiparasitarios","8":"first","9":"instock","10":"featured","11":"shipping-taxable","12":"product-type-simple"},"_links":{"self":[{"href":"https:\/\/leonpharma.com\/index.php\/wp-json\/wp\/v2\/product\/9896","targetHints":{"allow":["GET"]}}],"collection":[{"href":"https:\/\/leonpharma.com\/index.php\/wp-json\/wp\/v2\/product"}],"about":[{"href":"https:\/\/leonpharma.com\/index.php\/wp-json\/wp\/v2\/types\/product"}],"wp:featuredmedia":[{"embeddable":true,"href":"https:\/\/leonpharma.com\/index.php\/wp-json\/wp\/v2\/media\/10277"}],"wp:attachment":[{"href":"https:\/\/leonpharma.com\/index.php\/wp-json\/wp\/v2\/media?parent=9896"}],"wp:term":[{"taxonomy":"product_brand","embeddable":true,"href":"https:\/\/leonpharma.com\/index.php\/wp-json\/wp\/v2\/product_brand?post=9896"},{"taxonomy":"product_cat","embeddable":true,"href":"https:\/\/leonpharma.com\/index.php\/wp-json\/wp\/v2\/product_cat?post=9896"},{"taxonomy":"product_tag","embeddable":true,"href":"https:\/\/leonpharma.com\/index.php\/wp-json\/wp\/v2\/product_tag?post=9896"}],"curies":[{"name":"wp","href":"https:\/\/api.w.org\/{rel}","templated":true}]}}