{"id":9889,"date":"2024-04-30T12:57:34","date_gmt":"2024-04-30T12:57:34","guid":{"rendered":"https:\/\/leonpharma.com\/?post_type=product&#038;p=9889"},"modified":"2024-06-19T10:14:21","modified_gmt":"2024-06-19T13:14:21","slug":"fenodyl-flex","status":"publish","type":"product","link":"https:\/\/leonpharma.com\/index.php\/producto\/fenodyl-flex\/","title":{"rendered":"Fenodyl Flex"},"content":{"rendered":"<p class=\"ndfHFb-c4YZDc-fmcmS-DARUcf\">Carprofeno 25 mg, 75 mg y 100 mg.<\/p>\n<p class=\"ndfHFb-c4YZDc-fmcmS-DARUcf\">Antiinflamatorio no esteroideo.<\/p>\n<p class=\"ndfHFb-c4YZDc-fmcmS-DARUcf\">Comprimidos palatables.<\/p>\n<p class=\"ndfHFb-c4YZDc-fmcmS-DARUcf\">Caninos: 4,4 mg de carprofeno\/kg peso corporal\/d\u00eda administrada como dosis \u00fanica diaria o dividida en dos dosis id\u00e9nticas cada 12 horas.<\/p>\n<p class=\"ndfHFb-c4YZDc-fmcmS-DARUcf\">Presentaci\u00f3n: 20 comprimidos de 25 mg (2 blisters)<\/p>\n<p class=\"ndfHFb-c4YZDc-fmcmS-DARUcf\">21 comprimidos de 75 mg (7 blisters)<\/p>\n<p class=\"ndfHFb-c4YZDc-fmcmS-DARUcf\">21 comprimidos de 100 mg (7 blisters)<\/p>\n","protected":false},"excerpt":{"rendered":"<p>Antiinflamatorio no esteroideo. Comprimidos palatables.<\/p>\n","protected":false},"featured_media":9890,"template":"","meta":[],"product_brand":[],"product_cat":[72],"product_tag":[],"class_list":{"0":"post-9889","1":"product","2":"type-product","3":"status-publish","4":"has-post-thumbnail","6":"product_cat-antiinflamatorios","8":"first","9":"instock","10":"shipping-taxable","11":"product-type-simple"},"_links":{"self":[{"href":"https:\/\/leonpharma.com\/index.php\/wp-json\/wp\/v2\/product\/9889","targetHints":{"allow":["GET"]}}],"collection":[{"href":"https:\/\/leonpharma.com\/index.php\/wp-json\/wp\/v2\/product"}],"about":[{"href":"https:\/\/leonpharma.com\/index.php\/wp-json\/wp\/v2\/types\/product"}],"wp:featuredmedia":[{"embeddable":true,"href":"https:\/\/leonpharma.com\/index.php\/wp-json\/wp\/v2\/media\/9890"}],"wp:attachment":[{"href":"https:\/\/leonpharma.com\/index.php\/wp-json\/wp\/v2\/media?parent=9889"}],"wp:term":[{"taxonomy":"product_brand","embeddable":true,"href":"https:\/\/leonpharma.com\/index.php\/wp-json\/wp\/v2\/product_brand?post=9889"},{"taxonomy":"product_cat","embeddable":true,"href":"https:\/\/leonpharma.com\/index.php\/wp-json\/wp\/v2\/product_cat?post=9889"},{"taxonomy":"product_tag","embeddable":true,"href":"https:\/\/leonpharma.com\/index.php\/wp-json\/wp\/v2\/product_tag?post=9889"}],"curies":[{"name":"wp","href":"https:\/\/api.w.org\/{rel}","templated":true}]}}