{"id":9884,"date":"2024-04-30T12:41:33","date_gmt":"2024-04-30T12:41:33","guid":{"rendered":"https:\/\/leonpharma.com\/?post_type=product&#038;p=9884"},"modified":"2024-06-19T10:16:23","modified_gmt":"2024-06-19T13:16:23","slug":"fluxin-5","status":"publish","type":"product","link":"https:\/\/leonpharma.com\/index.php\/producto\/fluxin-5\/","title":{"rendered":"Fluxin 5"},"content":{"rendered":"<p class=\"ndfHFb-c4YZDc-fmcmS-DARUcf\">Flunixin Meglumina 5%.<\/p>\n<p class=\"ndfHFb-c4YZDc-fmcmS-DARUcf\">Antiinflamatorio no esteroide, analg\u00e9sico y antipir\u00e9tico.<\/p>\n<p class=\"ndfHFb-c4YZDc-fmcmS-DARUcf\">Soluci\u00f3n inyectable.<\/p>\n<p class=\"ndfHFb-c4YZDc-fmcmS-DARUcf\">Dosis: bovinos: 2,2 mg\/kg.<\/p>\n<p class=\"ndfHFb-c4YZDc-fmcmS-DARUcf\">En diarreas neonatales aplicar 2 a 3 ml por ternero.<\/p>\n<p class=\"ndfHFb-c4YZDc-fmcmS-DARUcf\">Equinos: 1,1 mg\/kg. Porcinos: 2,2 mg\/kg.<\/p>\n<p class=\"ndfHFb-c4YZDc-fmcmS-DARUcf\">Caninos: entre 1,1 y 2 mg\/kg.<\/p>\n<p class=\"ndfHFb-c4YZDc-fmcmS-DARUcf\">El tratamiento puede repetirse a las 24 horas.<\/p>\n<p class=\"ndfHFb-c4YZDc-fmcmS-DARUcf\">En las especies indicadas, no administrar por m\u00e1s de 3 d\u00edas consecutivos.<\/p>\n<p class=\"ndfHFb-c4YZDc-fmcmS-DARUcf\">Aplicar por v\u00eda intramuscular o endovenosa.<\/p>\n<p class=\"ndfHFb-c4YZDc-fmcmS-DARUcf\">Presentaci\u00f3n: 10 ml, 50 ml y 100 ml.<\/p>\n","protected":false},"excerpt":{"rendered":"<p>Antiinflamatorio no esteroide, analg\u00e9sico y antipir\u00e9tico. Soluci\u00f3n inyectable.<\/p>\n","protected":false},"featured_media":9999,"template":"","meta":[],"product_brand":[],"product_cat":[72],"product_tag":[],"class_list":{"0":"post-9884","1":"product","2":"type-product","3":"status-publish","4":"has-post-thumbnail","6":"product_cat-antiinflamatorios","8":"first","9":"instock","10":"shipping-taxable","11":"product-type-simple"},"_links":{"self":[{"href":"https:\/\/leonpharma.com\/index.php\/wp-json\/wp\/v2\/product\/9884","targetHints":{"allow":["GET"]}}],"collection":[{"href":"https:\/\/leonpharma.com\/index.php\/wp-json\/wp\/v2\/product"}],"about":[{"href":"https:\/\/leonpharma.com\/index.php\/wp-json\/wp\/v2\/types\/product"}],"wp:featuredmedia":[{"embeddable":true,"href":"https:\/\/leonpharma.com\/index.php\/wp-json\/wp\/v2\/media\/9999"}],"wp:attachment":[{"href":"https:\/\/leonpharma.com\/index.php\/wp-json\/wp\/v2\/media?parent=9884"}],"wp:term":[{"taxonomy":"product_brand","embeddable":true,"href":"https:\/\/leonpharma.com\/index.php\/wp-json\/wp\/v2\/product_brand?post=9884"},{"taxonomy":"product_cat","embeddable":true,"href":"https:\/\/leonpharma.com\/index.php\/wp-json\/wp\/v2\/product_cat?post=9884"},{"taxonomy":"product_tag","embeddable":true,"href":"https:\/\/leonpharma.com\/index.php\/wp-json\/wp\/v2\/product_tag?post=9884"}],"curies":[{"name":"wp","href":"https:\/\/api.w.org\/{rel}","templated":true}]}}