{"id":9861,"date":"2024-04-29T16:55:28","date_gmt":"2024-04-29T16:55:28","guid":{"rendered":"https:\/\/leonpharma.com\/?post_type=product&#038;p=9861"},"modified":"2024-06-19T10:46:10","modified_gmt":"2024-06-19T13:46:10","slug":"floxanol-c-gel-otico","status":"publish","type":"product","link":"https:\/\/leonpharma.com\/index.php\/producto\/floxanol-c-gel-otico\/","title":{"rendered":"Floxanol C Gel \u00d3tico"},"content":{"rendered":"<p class=\"ndfHFb-c4YZDc-fmcmS-DARUcf\">Ciprofloxacina (como Clorhidrato) 0,8%,<\/p>\n<p class=\"ndfHFb-c4YZDc-fmcmS-DARUcf\">Prednisolona 0,25%, Ketoconazol 2%,<\/p>\n<p class=\"ndfHFb-c4YZDc-fmcmS-DARUcf\">Lidoca\u00edna Clorhidrato 2%.<\/p>\n<p class=\"ndfHFb-c4YZDc-fmcmS-DARUcf\">Antibi\u00f3tico, antif\u00fangico, antiinflamatorio, anest\u00e9sico.<\/p>\n<p class=\"ndfHFb-c4YZDc-fmcmS-DARUcf\">Tratamiento de otitis externas de etiolog\u00eda bacteriana, al\u00e9rgica o f\u00fangica.<\/p>\n<p class=\"ndfHFb-c4YZDc-fmcmS-DARUcf\">Caninos y felinos: 0,5 mI en cada conducto auditivo, aunque uno solo sea el afectado.<\/p>\n<p class=\"ndfHFb-c4YZDc-fmcmS-DARUcf\">Presentaci\u00f3n: 1 Jeringa dosif. x 10 ml.<\/p>\n","protected":false},"excerpt":{"rendered":"<p>Antibi\u00f3tico, antif\u00fangico, antiinflamatorio, anest\u00e9sico.<\/p>\n","protected":false},"featured_media":10124,"template":"","meta":[],"product_brand":[],"product_cat":[69],"product_tag":[],"class_list":{"0":"post-9861","1":"product","2":"type-product","3":"status-publish","4":"has-post-thumbnail","6":"product_cat-antibioticos","8":"first","9":"instock","10":"shipping-taxable","11":"product-type-simple"},"_links":{"self":[{"href":"https:\/\/leonpharma.com\/index.php\/wp-json\/wp\/v2\/product\/9861","targetHints":{"allow":["GET"]}}],"collection":[{"href":"https:\/\/leonpharma.com\/index.php\/wp-json\/wp\/v2\/product"}],"about":[{"href":"https:\/\/leonpharma.com\/index.php\/wp-json\/wp\/v2\/types\/product"}],"wp:featuredmedia":[{"embeddable":true,"href":"https:\/\/leonpharma.com\/index.php\/wp-json\/wp\/v2\/media\/10124"}],"wp:attachment":[{"href":"https:\/\/leonpharma.com\/index.php\/wp-json\/wp\/v2\/media?parent=9861"}],"wp:term":[{"taxonomy":"product_brand","embeddable":true,"href":"https:\/\/leonpharma.com\/index.php\/wp-json\/wp\/v2\/product_brand?post=9861"},{"taxonomy":"product_cat","embeddable":true,"href":"https:\/\/leonpharma.com\/index.php\/wp-json\/wp\/v2\/product_cat?post=9861"},{"taxonomy":"product_tag","embeddable":true,"href":"https:\/\/leonpharma.com\/index.php\/wp-json\/wp\/v2\/product_tag?post=9861"}],"curies":[{"name":"wp","href":"https:\/\/api.w.org\/{rel}","templated":true}]}}