{"id":10224,"date":"2024-08-07T08:37:47","date_gmt":"2024-08-07T11:37:47","guid":{"rendered":"https:\/\/leonpharma.com\/?post_type=product&#038;p=10224"},"modified":"2024-08-07T08:37:47","modified_gmt":"2024-08-07T11:37:47","slug":"cel-on","status":"publish","type":"product","link":"https:\/\/leonpharma.com\/index.php\/producto\/cel-on\/","title":{"rendered":"CEL-ON"},"content":{"rendered":"<p class=\"ndfHFb-c4YZDc-fmcmS-DARUcf\">Parche detector de celo.<\/p>\n<p class=\"ndfHFb-c4YZDc-fmcmS-DARUcf\">Aumenta la tasa de detecci\u00f3n de celo del rodeo notablemente por su f\u00e1cil uso e interpretaci\u00f3n.<\/p>\n<p class=\"ndfHFb-c4YZDc-fmcmS-DARUcf\">Aumenta la tasa de concepci\u00f3n por una mejor calidad en la detecci\u00f3n de celo.<\/p>\n<p class=\"ndfHFb-c4YZDc-fmcmS-DARUcf\">Aumento sustancial de la tasa de pre\u00f1ez.<\/p>\n<p class=\"ndfHFb-c4YZDc-fmcmS-DARUcf\">Facilita y simplifica el manejo reproductivo, brindando una herramienta sencilla, pr\u00e1ctica, de bajo costo y alto beneficio.<\/p>\n<p class=\"ndfHFb-c4YZDc-fmcmS-DARUcf\">Presentaci\u00f3n: paquetes de 50 unidades.<\/p>\n","protected":false},"excerpt":{"rendered":"<p>Parche detector de celo.<\/p>\n","protected":false},"featured_media":10225,"template":"","meta":[],"product_brand":[],"product_cat":[75],"product_tag":[],"class_list":{"0":"post-10224","1":"product","2":"type-product","3":"status-publish","4":"has-post-thumbnail","6":"product_cat-reproductivos","8":"first","9":"instock","10":"shipping-taxable","11":"product-type-simple"},"_links":{"self":[{"href":"https:\/\/leonpharma.com\/index.php\/wp-json\/wp\/v2\/product\/10224","targetHints":{"allow":["GET"]}}],"collection":[{"href":"https:\/\/leonpharma.com\/index.php\/wp-json\/wp\/v2\/product"}],"about":[{"href":"https:\/\/leonpharma.com\/index.php\/wp-json\/wp\/v2\/types\/product"}],"wp:featuredmedia":[{"embeddable":true,"href":"https:\/\/leonpharma.com\/index.php\/wp-json\/wp\/v2\/media\/10225"}],"wp:attachment":[{"href":"https:\/\/leonpharma.com\/index.php\/wp-json\/wp\/v2\/media?parent=10224"}],"wp:term":[{"taxonomy":"product_brand","embeddable":true,"href":"https:\/\/leonpharma.com\/index.php\/wp-json\/wp\/v2\/product_brand?post=10224"},{"taxonomy":"product_cat","embeddable":true,"href":"https:\/\/leonpharma.com\/index.php\/wp-json\/wp\/v2\/product_cat?post=10224"},{"taxonomy":"product_tag","embeddable":true,"href":"https:\/\/leonpharma.com\/index.php\/wp-json\/wp\/v2\/product_tag?post=10224"}],"curies":[{"name":"wp","href":"https:\/\/api.w.org\/{rel}","templated":true}]}}