{"id":10191,"date":"2024-07-08T11:58:36","date_gmt":"2024-07-08T14:58:36","guid":{"rendered":"https:\/\/leonpharma.com\/?post_type=product&#038;p=10191"},"modified":"2024-07-08T11:58:36","modified_gmt":"2024-07-08T14:58:36","slug":"fortesel-ade-zinc","status":"publish","type":"product","link":"https:\/\/leonpharma.com\/index.php\/producto\/fortesel-ade-zinc\/","title":{"rendered":"Fortesel ADE + Zinc"},"content":{"rendered":"<p>Tratamiento y prevenci\u00f3n de estados carenciales de Selenio, F\u00f3sforo, Zinc, Vitaminas A, D3 o E.<\/p>\n<p class=\"ndfHFb-c4YZDc-fmcmS-DARUcf\">Sodio Selenito 0,347%, Sodio Hipofosfito 15%, Zinc Gluconato 2%, Vitamina A Palmitato 750.000 U.I., Vitamina D3 600.000 U.I., Vitamina E Acetato 2500 U.I.<\/p>\n<p class=\"ndfHFb-c4YZDc-fmcmS-DARUcf\">Soluci\u00f3n inyectable.<\/p>\n<p class=\"ndfHFb-c4YZDc-fmcmS-DARUcf\">Bovinos: aplicar 1 ml c\/50 kg. de peso vivo.<\/p>\n<p class=\"ndfHFb-c4YZDc-fmcmS-DARUcf\">Aplicaci\u00f3n por v\u00eda subcut\u00e1nea.<\/p>\n<p class=\"ndfHFb-c4YZDc-fmcmS-DARUcf\">Presentaci\u00f3n: 500 ml.<\/p>\n","protected":false},"excerpt":{"rendered":"<p>Tratamiento y prevenci\u00f3n de estados carenciales de Selenio, F\u00f3sforo, Zinc, Vitaminas A, D3 o E.<\/p>\n","protected":false},"featured_media":10192,"template":"","meta":[],"product_brand":[],"product_cat":[76],"product_tag":[],"class_list":{"0":"post-10191","1":"product","2":"type-product","3":"status-publish","4":"has-post-thumbnail","6":"product_cat-vitaminicos-y-mineralizantes","8":"first","9":"instock","10":"shipping-taxable","11":"product-type-simple"},"_links":{"self":[{"href":"https:\/\/leonpharma.com\/index.php\/wp-json\/wp\/v2\/product\/10191","targetHints":{"allow":["GET"]}}],"collection":[{"href":"https:\/\/leonpharma.com\/index.php\/wp-json\/wp\/v2\/product"}],"about":[{"href":"https:\/\/leonpharma.com\/index.php\/wp-json\/wp\/v2\/types\/product"}],"wp:featuredmedia":[{"embeddable":true,"href":"https:\/\/leonpharma.com\/index.php\/wp-json\/wp\/v2\/media\/10192"}],"wp:attachment":[{"href":"https:\/\/leonpharma.com\/index.php\/wp-json\/wp\/v2\/media?parent=10191"}],"wp:term":[{"taxonomy":"product_brand","embeddable":true,"href":"https:\/\/leonpharma.com\/index.php\/wp-json\/wp\/v2\/product_brand?post=10191"},{"taxonomy":"product_cat","embeddable":true,"href":"https:\/\/leonpharma.com\/index.php\/wp-json\/wp\/v2\/product_cat?post=10191"},{"taxonomy":"product_tag","embeddable":true,"href":"https:\/\/leonpharma.com\/index.php\/wp-json\/wp\/v2\/product_tag?post=10191"}],"curies":[{"name":"wp","href":"https:\/\/api.w.org\/{rel}","templated":true}]}}