{"id":10179,"date":"2024-07-05T20:12:19","date_gmt":"2024-07-05T23:12:19","guid":{"rendered":"https:\/\/leonpharma.com\/?post_type=product&#038;p=10179"},"modified":"2024-07-05T20:12:19","modified_gmt":"2024-07-05T23:12:19","slug":"sistemic-k","status":"publish","type":"product","link":"https:\/\/leonpharma.com\/index.php\/producto\/sistemic-k\/","title":{"rendered":"Sistemic-K"},"content":{"rendered":"<p class=\"ndfHFb-c4YZDc-fmcmS-DARUcf\">Ketoconazol 200 mg.<\/p>\n<p class=\"ndfHFb-c4YZDc-fmcmS-DARUcf\">Antif\u00fangico de acci\u00f3n sist\u00e9mica.<br \/>\nComprimidos birranurados.<br \/>\nCaninos y felinos: 1 comprimido cada 20 kg de peso.<br \/>\nPresentaci\u00f3n: 120 comp. (12 blisters).<\/p>\n","protected":false},"excerpt":{"rendered":"<p>Antif\u00fangico de acci\u00f3n sist\u00e9mica.<\/p>\n","protected":false},"featured_media":10180,"template":"","meta":[],"product_brand":[],"product_cat":[71],"product_tag":[],"class_list":{"0":"post-10179","1":"product","2":"type-product","3":"status-publish","4":"has-post-thumbnail","6":"product_cat-antifungicos","8":"first","9":"instock","10":"shipping-taxable","11":"product-type-simple"},"_links":{"self":[{"href":"https:\/\/leonpharma.com\/index.php\/wp-json\/wp\/v2\/product\/10179","targetHints":{"allow":["GET"]}}],"collection":[{"href":"https:\/\/leonpharma.com\/index.php\/wp-json\/wp\/v2\/product"}],"about":[{"href":"https:\/\/leonpharma.com\/index.php\/wp-json\/wp\/v2\/types\/product"}],"wp:featuredmedia":[{"embeddable":true,"href":"https:\/\/leonpharma.com\/index.php\/wp-json\/wp\/v2\/media\/10180"}],"wp:attachment":[{"href":"https:\/\/leonpharma.com\/index.php\/wp-json\/wp\/v2\/media?parent=10179"}],"wp:term":[{"taxonomy":"product_brand","embeddable":true,"href":"https:\/\/leonpharma.com\/index.php\/wp-json\/wp\/v2\/product_brand?post=10179"},{"taxonomy":"product_cat","embeddable":true,"href":"https:\/\/leonpharma.com\/index.php\/wp-json\/wp\/v2\/product_cat?post=10179"},{"taxonomy":"product_tag","embeddable":true,"href":"https:\/\/leonpharma.com\/index.php\/wp-json\/wp\/v2\/product_tag?post=10179"}],"curies":[{"name":"wp","href":"https:\/\/api.w.org\/{rel}","templated":true}]}}